{"id":6076,"date":"2025-05-21T23:17:09","date_gmt":"2025-05-21T20:17:09","guid":{"rendered":"http:\/\/hypemedya.com\/?page_id=6076"},"modified":"2025-07-14T01:46:33","modified_gmt":"2025-07-13T22:46:33","slug":"isigin-en-estetik-haliyle-markaniza-hayat-verin","status":"publish","type":"page","link":"https:\/\/hypemedya.com\/?page_id=6076","title":{"rendered":"I\u015f\u0131\u011f\u0131n En Estetik Haliyle Markan\u0131za Hayat Verin!"},"content":{"rendered":"[vc_row type=&#8221;in_container&#8221; full_screen_row_position=&#8221;middle&#8221; column_margin=&#8221;default&#8221; column_direction=&#8221;default&#8221; column_direction_tablet=&#8221;default&#8221; column_direction_phone=&#8221;default&#8221; scene_position=&#8221;center&#8221; text_color=&#8221;dark&#8221; text_align=&#8221;left&#8221; row_border_radius=&#8221;none&#8221; row_border_radius_applies=&#8221;bg&#8221; overflow=&#8221;visible&#8221; overlay_strength=&#8221;0.3&#8243; gradient_direction=&#8221;left_to_right&#8221; shape_divider_position=&#8221;bottom&#8221; bg_image_animation=&#8221;none&#8221;][vc_column column_padding=&#8221;no-extra-padding&#8221; column_padding_tablet=&#8221;inherit&#8221; column_padding_phone=&#8221;inherit&#8221; column_padding_position=&#8221;all&#8221; column_element_direction_desktop=&#8221;default&#8221; column_element_spacing=&#8221;default&#8221; desktop_text_alignment=&#8221;default&#8221; tablet_text_alignment=&#8221;default&#8221; phone_text_alignment=&#8221;default&#8221; background_color_opacity=&#8221;1&#8243; background_hover_color_opacity=&#8221;1&#8243; column_backdrop_filter=&#8221;none&#8221; column_shadow=&#8221;none&#8221; column_border_radius=&#8221;none&#8221; column_link_target=&#8221;_self&#8221; column_position=&#8221;default&#8221; gradient_direction=&#8221;left_to_right&#8221; overlay_strength=&#8221;0.3&#8243; width=&#8221;1\/1&#8243; tablet_width_inherit=&#8221;default&#8221; animation_type=&#8221;default&#8221; bg_image_animation=&#8221;none&#8221; border_type=&#8221;simple&#8221; column_border_width=&#8221;none&#8221; column_border_style=&#8221;solid&#8221;][vc_column_text css=&#8221;&#8221; text_direction=&#8221;default&#8221;]\n<figure class=\"wp-block-image size-large\"><img loading=\"lazy\" decoding=\"async\" class=\"alignleft wp-image-6077\" src=\"http:\/\/hypemedya.com\/wp-content\/uploads\/2025\/05\/1-7-1024x683.png\" alt=\"\" width=\"700\" height=\"467\" srcset=\"https:\/\/hypemedya.com\/wp-content\/uploads\/2025\/05\/1-7-1024x683.png 1024w, https:\/\/hypemedya.com\/wp-content\/uploads\/2025\/05\/1-7-300x200.png 300w, https:\/\/hypemedya.com\/wp-content\/uploads\/2025\/05\/1-7-768x512.png 768w, https:\/\/hypemedya.com\/wp-content\/uploads\/2025\/05\/1-7-900x600.png 900w, https:\/\/hypemedya.com\/wp-content\/uploads\/2025\/05\/1-7.png 1536w\" sizes=\"auto, (max-width: 700px) 100vw, 700px\" \/><\/figure>\n\n<p>Neon harf tabelalar, sadece bir y\u00f6nlendirme arac\u0131 de\u011fil, ayn\u0131 zamanda g\u00fc\u00e7l\u00fc bir tasar\u0131m ifadesidir. Mek\u00e2n\u0131n\u0131za karakter katar, geceleri \u0131\u015f\u0131ldayan bir vitrin haline gelir. \u00d6zellikle kafe, bar, butik ve yarat\u0131c\u0131 ofisler i\u00e7in e\u015fsiz bir atmosfer sunar.<br \/>Avantajlar\u0131:<br \/>\ud83d\udca1 Canl\u0131 Renkler ve G\u00fc\u00e7l\u00fc Ayd\u0131nlatma<br \/>\u2728 Retrodan Moderne Geni\u015f Stil Se\u00e7enekleri<br \/>\ud83e\uddf1 Tu\u011fla, beton, ah\u015fap gibi zeminlere m\u00fckemmel uyum<br \/>\ud83c\udf19 Gece etkisi y\u00fcksek, fotojenik ve dikkat \u00e7ekici tasar\u0131mlar<br \/>\ud83d\udd0c Enerji tasarruflu LED neon alternatifleri ile d\u00fc\u015f\u00fck t\u00fcketim<br \/>Kullan\u0131m Alanlar\u0131:<br \/>Kafeler &amp; restoranlar<br \/>Butikler &amp; g\u00fczellik salonlar\u0131<br \/>St\u00fcdyo ve ajanslar<br \/>Sosyal medya alanlar\u0131 \/ foto\u011fraf k\u00f6\u015feleri<br \/>Etkinlik sahneleri ve giri\u015f alanlar\u0131<br \/>Hayalinizdeki yaz\u0131y\u0131, sembol\u00fc ya da logoyu \u0131\u015f\u0131\u011fa d\u00f6n\u00fc\u015ft\u00fcrelim.<br \/>Mekan\u0131n\u0131z fark yarats\u0131n, tabelan\u0131z konu\u015fulsun!<\/p>\n<p>\u00a0<\/p>\n[\/vc_column_text][\/vc_column][\/vc_row]\n","protected":false},"excerpt":{"rendered":"<p>[vc_row type=&#8221;in_container&#8221; full_screen_row_position=&#8221;middle&#8221; column_margin=&#8221;default&#8221; column_direction=&#8221;default&#8221; column_direction_tablet=&#8221;default&#8221; column_direction_phone=&#8221;default&#8221; scene_position=&#8221;center&#8221; text_color=&#8221;dark&#8221; text_align=&#8221;left&#8221; row_border_radius=&#8221;none&#8221; row_border_radius_applies=&#8221;bg&#8221; overflow=&#8221;visible&#8221; overlay_strength=&#8221;0.3&#8243; gradient_direction=&#8221;left_to_right&#8221; shape_divider_position=&#8221;bottom&#8221; bg_image_animation=&#8221;none&#8221;][vc_column column_padding=&#8221;no-extra-padding&#8221; column_padding_tablet=&#8221;inherit&#8221; column_padding_phone=&#8221;inherit&#8221; column_padding_position=&#8221;all&#8221; column_element_direction_desktop=&#8221;default&#8221; column_element_spacing=&#8221;default&#8221; desktop_text_alignment=&#8221;default&#8221; tablet_text_alignment=&#8221;default&#8221; phone_text_alignment=&#8221;default&#8221; background_color_opacity=&#8221;1&#8243; background_hover_color_opacity=&#8221;1&#8243; column_backdrop_filter=&#8221;none&#8221; column_shadow=&#8221;none&#8221;&#8230;<\/p>\n","protected":false},"author":1,"featured_media":0,"parent":0,"menu_order":0,"comment_status":"closed","ping_status":"closed","template":"","meta":{"footnotes":""},"class_list":["post-6076","page","type-page","status-publish"],"_links":{"self":[{"href":"https:\/\/hypemedya.com\/index.php?rest_route=\/wp\/v2\/pages\/6076","targetHints":{"allow":["GET"]}}],"collection":[{"href":"https:\/\/hypemedya.com\/index.php?rest_route=\/wp\/v2\/pages"}],"about":[{"href":"https:\/\/hypemedya.com\/index.php?rest_route=\/wp\/v2\/types\/page"}],"author":[{"embeddable":true,"href":"https:\/\/hypemedya.com\/index.php?rest_route=\/wp\/v2\/users\/1"}],"replies":[{"embeddable":true,"href":"https:\/\/hypemedya.com\/index.php?rest_route=%2Fwp%2Fv2%2Fcomments&post=6076"}],"version-history":[{"count":3,"href":"https:\/\/hypemedya.com\/index.php?rest_route=\/wp\/v2\/pages\/6076\/revisions"}],"predecessor-version":[{"id":6360,"href":"https:\/\/hypemedya.com\/index.php?rest_route=\/wp\/v2\/pages\/6076\/revisions\/6360"}],"wp:attachment":[{"href":"https:\/\/hypemedya.com\/index.php?rest_route=%2Fwp%2Fv2%2Fmedia&parent=6076"}],"curies":[{"name":"wp","href":"https:\/\/api.w.org\/{rel}","templated":true}]}}