{"id":6073,"date":"2025-05-21T23:16:28","date_gmt":"2025-05-21T20:16:28","guid":{"rendered":"http:\/\/hypemedya.com\/?page_id=6073"},"modified":"2025-06-19T23:40:11","modified_gmt":"2025-06-19T20:40:11","slug":"kalabaliklar-icin-etkileyici-gorseller-net-mesajlar","status":"publish","type":"page","link":"https:\/\/hypemedya.com\/?page_id=6073","title":{"rendered":"Kalabal\u0131klar \u0130\u00e7in Etkileyici G\u00f6rseller, Net Mesajlar!"},"content":{"rendered":"[vc_row type=&#8221;in_container&#8221; full_screen_row_position=&#8221;middle&#8221; column_margin=&#8221;default&#8221; column_direction=&#8221;default&#8221; column_direction_tablet=&#8221;default&#8221; column_direction_phone=&#8221;default&#8221; scene_position=&#8221;center&#8221; text_color=&#8221;dark&#8221; text_align=&#8221;left&#8221; row_border_radius=&#8221;none&#8221; row_border_radius_applies=&#8221;bg&#8221; overflow=&#8221;visible&#8221; overlay_strength=&#8221;0.3&#8243; gradient_direction=&#8221;left_to_right&#8221; shape_divider_position=&#8221;bottom&#8221; bg_image_animation=&#8221;none&#8221;][vc_column column_padding=&#8221;no-extra-padding&#8221; column_padding_tablet=&#8221;inherit&#8221; column_padding_phone=&#8221;inherit&#8221; column_padding_position=&#8221;all&#8221; column_element_direction_desktop=&#8221;default&#8221; column_element_spacing=&#8221;default&#8221; desktop_text_alignment=&#8221;default&#8221; tablet_text_alignment=&#8221;default&#8221; phone_text_alignment=&#8221;default&#8221; background_color_opacity=&#8221;1&#8243; background_hover_color_opacity=&#8221;1&#8243; column_backdrop_filter=&#8221;none&#8221; column_shadow=&#8221;none&#8221; column_border_radius=&#8221;none&#8221; column_link_target=&#8221;_self&#8221; column_position=&#8221;default&#8221; gradient_direction=&#8221;left_to_right&#8221; overlay_strength=&#8221;0.3&#8243; width=&#8221;1\/1&#8243; tablet_width_inherit=&#8221;default&#8221; animation_type=&#8221;default&#8221; bg_image_animation=&#8221;none&#8221; border_type=&#8221;simple&#8221; column_border_width=&#8221;none&#8221; column_border_style=&#8221;solid&#8221;][vc_column_text css=&#8221;&#8221; text_direction=&#8221;default&#8221;]\n<figure class=\"wp-block-image size-large\"><img loading=\"lazy\" decoding=\"async\" class=\"wp-image-6074 alignleft\" src=\"http:\/\/hypemedya.com\/wp-content\/uploads\/2025\/05\/1-6-1-1024x683.png\" alt=\"\" width=\"672\" height=\"449\" srcset=\"https:\/\/hypemedya.com\/wp-content\/uploads\/2025\/05\/1-6-1-1024x683.png 1024w, https:\/\/hypemedya.com\/wp-content\/uploads\/2025\/05\/1-6-1-300x200.png 300w, https:\/\/hypemedya.com\/wp-content\/uploads\/2025\/05\/1-6-1-768x512.png 768w, https:\/\/hypemedya.com\/wp-content\/uploads\/2025\/05\/1-6-1-900x600.png 900w, https:\/\/hypemedya.com\/wp-content\/uploads\/2025\/05\/1-6-1.png 1536w\" sizes=\"auto, (max-width: 672px) 100vw, 672px\" \/><\/figure>\n\n<p>Geni\u015f alanlarda hedef kitlenize ula\u015fman\u0131n en etkili yollar\u0131ndan biri: dev LED ekran sistemleri. Spor etkinliklerinden konserlere, mitinglerden a\u00e7\u0131k hava sinemalar\u0131na kadar her t\u00fcrl\u00fc organizasyon i\u00e7in canl\u0131, net ve dikkat \u00e7ekici bir g\u00f6r\u00fcnt\u00fc sunar.<br \/>Avantajlar\u0131:<br \/>\u2705 Y\u00fcksek \u00c7\u00f6z\u00fcn\u00fcrl\u00fck ve Canl\u0131 Renkler<br \/>\u2705 G\u00fcnd\u00fcz G\u00fcne\u015f I\u015f\u0131\u011f\u0131nda Bile Net G\u00f6r\u00fcnt\u00fc<br \/>\u2705 Mod\u00fcler Yap\u0131 ile Her Ebatta Kurulum<br \/>\u2705 Canl\u0131 Yay\u0131n, Video ve Grafik Deste\u011fi<br \/>\u2705 Sa\u011flam Ta\u015f\u0131y\u0131c\u0131 Konstr\u00fcksiyon ile G\u00fcvenli Montaj<br \/>Kullan\u0131m Alanlar\u0131:<br \/>\u26bd Stadyum ve Fan Alanlar\u0131<br \/>\ud83c\udfa4 A\u00e7\u0131k Hava Konser ve Festivalleri<br \/>\ud83c\udfa5 A\u00e7\u0131k Hava Film G\u00f6sterimleri<br \/>\ud83d\udce2 Kurumsal Tan\u0131t\u0131mlar ve Lansmanlar<br \/>\ud83c\udfd9\ufe0f Belediyeler, AVM\u2019ler, Etkinlik Alanlar\u0131<br \/>Etkinliklerinize g\u00f6rsel bir g\u00fc\u00e7 katmak ve kitlelerin dikkatini profesyonelce toplamak i\u00e7in y\u00fcksek kaliteli LED ekran sistemlerimizi tercih edin.<\/p>\n\n<p>&nbsp;<\/p>\n[\/vc_column_text][\/vc_column][\/vc_row]\n","protected":false},"excerpt":{"rendered":"<p>[vc_row type=&#8221;in_container&#8221; full_screen_row_position=&#8221;middle&#8221; column_margin=&#8221;default&#8221; column_direction=&#8221;default&#8221; column_direction_tablet=&#8221;default&#8221; column_direction_phone=&#8221;default&#8221; scene_position=&#8221;center&#8221; text_color=&#8221;dark&#8221; text_align=&#8221;left&#8221; row_border_radius=&#8221;none&#8221; row_border_radius_applies=&#8221;bg&#8221; overflow=&#8221;visible&#8221; overlay_strength=&#8221;0.3&#8243; gradient_direction=&#8221;left_to_right&#8221; shape_divider_position=&#8221;bottom&#8221; bg_image_animation=&#8221;none&#8221;][vc_column column_padding=&#8221;no-extra-padding&#8221; column_padding_tablet=&#8221;inherit&#8221; column_padding_phone=&#8221;inherit&#8221; column_padding_position=&#8221;all&#8221; column_element_direction_desktop=&#8221;default&#8221; column_element_spacing=&#8221;default&#8221; desktop_text_alignment=&#8221;default&#8221; tablet_text_alignment=&#8221;default&#8221; phone_text_alignment=&#8221;default&#8221; background_color_opacity=&#8221;1&#8243; background_hover_color_opacity=&#8221;1&#8243; column_backdrop_filter=&#8221;none&#8221; column_shadow=&#8221;none&#8221;&#8230;<\/p>\n","protected":false},"author":1,"featured_media":0,"parent":0,"menu_order":0,"comment_status":"closed","ping_status":"closed","template":"","meta":{"footnotes":""},"class_list":["post-6073","page","type-page","status-publish"],"_links":{"self":[{"href":"https:\/\/hypemedya.com\/index.php?rest_route=\/wp\/v2\/pages\/6073","targetHints":{"allow":["GET"]}}],"collection":[{"href":"https:\/\/hypemedya.com\/index.php?rest_route=\/wp\/v2\/pages"}],"about":[{"href":"https:\/\/hypemedya.com\/index.php?rest_route=\/wp\/v2\/types\/page"}],"author":[{"embeddable":true,"href":"https:\/\/hypemedya.com\/index.php?rest_route=\/wp\/v2\/users\/1"}],"replies":[{"embeddable":true,"href":"https:\/\/hypemedya.com\/index.php?rest_route=%2Fwp%2Fv2%2Fcomments&post=6073"}],"version-history":[{"count":2,"href":"https:\/\/hypemedya.com\/index.php?rest_route=\/wp\/v2\/pages\/6073\/revisions"}],"predecessor-version":[{"id":6271,"href":"https:\/\/hypemedya.com\/index.php?rest_route=\/wp\/v2\/pages\/6073\/revisions\/6271"}],"wp:attachment":[{"href":"https:\/\/hypemedya.com\/index.php?rest_route=%2Fwp%2Fv2%2Fmedia&parent=6073"}],"curies":[{"name":"wp","href":"https:\/\/api.w.org\/{rel}","templated":true}]}}