{"id":6070,"date":"2025-05-21T23:15:47","date_gmt":"2025-05-21T20:15:47","guid":{"rendered":"http:\/\/hypemedya.com\/?page_id=6070"},"modified":"2025-07-14T01:43:56","modified_gmt":"2025-07-13T22:43:56","slug":"derinlik-kazandiran-sik-ve-prestijli-bir-gorunum","status":"publish","type":"page","link":"https:\/\/hypemedya.com\/?page_id=6070","title":{"rendered":"Derinlik Kazand\u0131ran, \u015e\u0131k ve Prestijli Bir G\u00f6r\u00fcn\u00fcm!"},"content":{"rendered":"[vc_row type=&#8221;in_container&#8221; full_screen_row_position=&#8221;middle&#8221; column_margin=&#8221;default&#8221; column_direction=&#8221;default&#8221; column_direction_tablet=&#8221;default&#8221; column_direction_phone=&#8221;default&#8221; scene_position=&#8221;center&#8221; text_color=&#8221;dark&#8221; text_align=&#8221;left&#8221; row_border_radius=&#8221;none&#8221; row_border_radius_applies=&#8221;bg&#8221; overflow=&#8221;visible&#8221; overlay_strength=&#8221;0.3&#8243; gradient_direction=&#8221;left_to_right&#8221; shape_divider_position=&#8221;bottom&#8221; bg_image_animation=&#8221;none&#8221;][vc_column column_padding=&#8221;no-extra-padding&#8221; column_padding_tablet=&#8221;inherit&#8221; column_padding_phone=&#8221;inherit&#8221; column_padding_position=&#8221;all&#8221; column_element_direction_desktop=&#8221;default&#8221; column_element_spacing=&#8221;default&#8221; desktop_text_alignment=&#8221;default&#8221; tablet_text_alignment=&#8221;default&#8221; phone_text_alignment=&#8221;default&#8221; background_color_opacity=&#8221;1&#8243; background_hover_color_opacity=&#8221;1&#8243; column_backdrop_filter=&#8221;none&#8221; column_shadow=&#8221;none&#8221; column_border_radius=&#8221;none&#8221; column_link_target=&#8221;_self&#8221; column_position=&#8221;default&#8221; gradient_direction=&#8221;left_to_right&#8221; overlay_strength=&#8221;0.3&#8243; width=&#8221;1\/1&#8243; tablet_width_inherit=&#8221;default&#8221; animation_type=&#8221;default&#8221; bg_image_animation=&#8221;none&#8221; border_type=&#8221;simple&#8221; column_border_width=&#8221;none&#8221; column_border_style=&#8221;solid&#8221;][vc_column_text css=&#8221;&#8221; text_direction=&#8221;default&#8221;]\n<figure class=\"wp-block-image size-large\"><img loading=\"lazy\" decoding=\"async\" class=\"alignleft wp-image-6071\" src=\"http:\/\/hypemedya.com\/wp-content\/uploads\/2025\/05\/1-5-1-1024x683.png\" alt=\"\" width=\"700\" height=\"467\" srcset=\"https:\/\/hypemedya.com\/wp-content\/uploads\/2025\/05\/1-5-1-1024x683.png 1024w, https:\/\/hypemedya.com\/wp-content\/uploads\/2025\/05\/1-5-1-300x200.png 300w, https:\/\/hypemedya.com\/wp-content\/uploads\/2025\/05\/1-5-1-768x512.png 768w, https:\/\/hypemedya.com\/wp-content\/uploads\/2025\/05\/1-5-1-900x600.png 900w, https:\/\/hypemedya.com\/wp-content\/uploads\/2025\/05\/1-5-1.png 1536w\" sizes=\"auto, (max-width: 700px) 100vw, 700px\" \/><\/figure>\n\n<p>Kutu harf tabelalar, d\u0131\u015f cephede modern bir izlenim yaratmak ve markan\u0131z\u0131 g\u00fc\u00e7l\u00fc bir \u015fekilde \u00f6ne \u00e7\u0131karmak i\u00e7in ideal \u00e7\u00f6z\u00fcmd\u00fcr. I\u015f\u0131ks\u0131z olarak tasarlanan bu sistemler, \u00f6zellikle do\u011fal \u0131\u015f\u0131\u011f\u0131n etkili oldu\u011fu alanlarda sade ama dikkat \u00e7ekici bir sunum sa\u011flar.<br \/>Avantajlar\u0131:<br \/>3D Etkiyle Y\u00fcksek G\u00f6r\u00fcn\u00fcrl\u00fck<br \/>Marka Logosuyla B\u00fct\u00fcnle\u015fik Tasar\u0131m<br \/>Materyal Se\u00e7enekleri: Pleksi, dekota, paslanmaz, al\u00fcminyum<br \/>I\u015f\u0131ks\u0131z ama g\u00f6z al\u0131c\u0131<br \/>Geni\u015f cepheye tam uyum<br \/>Nerelerde Kullan\u0131l\u0131r?<br \/>AVM ve ma\u011faza cepheleri<br \/>Klinik ve sa\u011fl\u0131k merkezleri<br \/>Do\u011fal \u00fcr\u00fcn ma\u011fazalar\u0131<br \/>Cafe, restoran ve butik oteller<br \/>Ofis binalar\u0131 ve showroomlar<br \/>Kurumsal kimli\u011finizi yans\u0131tan, sade ama etkileyici bir g\u00f6r\u00fcn\u00fcmle markan\u0131z\u0131 bulundu\u011fu her yerde \u00f6ne \u00e7\u0131kar\u0131n.<br \/>Size \u00f6zel \u00f6l\u00e7\u00fcler ve tasar\u0131mla, binan\u0131za de\u011fer katan \u00e7\u00f6z\u00fcmler sunuyoruz.<\/p>\n\n<p>&nbsp;<\/p>\n[\/vc_column_text][\/vc_column][\/vc_row]\n","protected":false},"excerpt":{"rendered":"<p>[vc_row type=&#8221;in_container&#8221; full_screen_row_position=&#8221;middle&#8221; column_margin=&#8221;default&#8221; column_direction=&#8221;default&#8221; column_direction_tablet=&#8221;default&#8221; column_direction_phone=&#8221;default&#8221; scene_position=&#8221;center&#8221; text_color=&#8221;dark&#8221; text_align=&#8221;left&#8221; row_border_radius=&#8221;none&#8221; row_border_radius_applies=&#8221;bg&#8221; overflow=&#8221;visible&#8221; overlay_strength=&#8221;0.3&#8243; gradient_direction=&#8221;left_to_right&#8221; shape_divider_position=&#8221;bottom&#8221; bg_image_animation=&#8221;none&#8221;][vc_column column_padding=&#8221;no-extra-padding&#8221; column_padding_tablet=&#8221;inherit&#8221; column_padding_phone=&#8221;inherit&#8221; column_padding_position=&#8221;all&#8221; column_element_direction_desktop=&#8221;default&#8221; column_element_spacing=&#8221;default&#8221; desktop_text_alignment=&#8221;default&#8221; tablet_text_alignment=&#8221;default&#8221; phone_text_alignment=&#8221;default&#8221; background_color_opacity=&#8221;1&#8243; background_hover_color_opacity=&#8221;1&#8243; column_backdrop_filter=&#8221;none&#8221; column_shadow=&#8221;none&#8221;&#8230;<\/p>\n","protected":false},"author":1,"featured_media":0,"parent":0,"menu_order":0,"comment_status":"closed","ping_status":"closed","template":"","meta":{"footnotes":""},"class_list":["post-6070","page","type-page","status-publish"],"_links":{"self":[{"href":"https:\/\/hypemedya.com\/index.php?rest_route=\/wp\/v2\/pages\/6070","targetHints":{"allow":["GET"]}}],"collection":[{"href":"https:\/\/hypemedya.com\/index.php?rest_route=\/wp\/v2\/pages"}],"about":[{"href":"https:\/\/hypemedya.com\/index.php?rest_route=\/wp\/v2\/types\/page"}],"author":[{"embeddable":true,"href":"https:\/\/hypemedya.com\/index.php?rest_route=\/wp\/v2\/users\/1"}],"replies":[{"embeddable":true,"href":"https:\/\/hypemedya.com\/index.php?rest_route=%2Fwp%2Fv2%2Fcomments&post=6070"}],"version-history":[{"count":4,"href":"https:\/\/hypemedya.com\/index.php?rest_route=\/wp\/v2\/pages\/6070\/revisions"}],"predecessor-version":[{"id":6359,"href":"https:\/\/hypemedya.com\/index.php?rest_route=\/wp\/v2\/pages\/6070\/revisions\/6359"}],"wp:attachment":[{"href":"https:\/\/hypemedya.com\/index.php?rest_route=%2Fwp%2Fv2%2Fmedia&parent=6070"}],"curies":[{"name":"wp","href":"https:\/\/api.w.org\/{rel}","templated":true}]}}