{"id":6067,"date":"2025-05-21T23:15:09","date_gmt":"2025-05-21T20:15:09","guid":{"rendered":"http:\/\/hypemedya.com\/?page_id=6067"},"modified":"2025-07-14T01:42:52","modified_gmt":"2025-07-13T22:42:52","slug":"mimariye-uyumlu-markaniza-guc-katacak-cozumler","status":"publish","type":"page","link":"https:\/\/hypemedya.com\/?page_id=6067","title":{"rendered":"Mimariye Uyumlu, Markan\u0131za G\u00fc\u00e7 Katacak \u00c7\u00f6z\u00fcmler"},"content":{"rendered":"[vc_row type=&#8221;in_container&#8221; full_screen_row_position=&#8221;middle&#8221; column_margin=&#8221;default&#8221; column_direction=&#8221;default&#8221; column_direction_tablet=&#8221;default&#8221; column_direction_phone=&#8221;default&#8221; scene_position=&#8221;center&#8221; text_color=&#8221;dark&#8221; text_align=&#8221;left&#8221; row_border_radius=&#8221;none&#8221; row_border_radius_applies=&#8221;bg&#8221; overflow=&#8221;visible&#8221; overlay_strength=&#8221;0.3&#8243; gradient_direction=&#8221;left_to_right&#8221; shape_divider_position=&#8221;bottom&#8221; bg_image_animation=&#8221;none&#8221;][vc_column column_padding=&#8221;no-extra-padding&#8221; column_padding_tablet=&#8221;inherit&#8221; column_padding_phone=&#8221;inherit&#8221; column_padding_position=&#8221;all&#8221; column_element_direction_desktop=&#8221;default&#8221; column_element_spacing=&#8221;default&#8221; desktop_text_alignment=&#8221;default&#8221; tablet_text_alignment=&#8221;default&#8221; phone_text_alignment=&#8221;default&#8221; background_color_opacity=&#8221;1&#8243; background_hover_color_opacity=&#8221;1&#8243; column_backdrop_filter=&#8221;none&#8221; column_shadow=&#8221;none&#8221; column_border_radius=&#8221;none&#8221; column_link_target=&#8221;_self&#8221; column_position=&#8221;default&#8221; gradient_direction=&#8221;left_to_right&#8221; overlay_strength=&#8221;0.3&#8243; width=&#8221;1\/1&#8243; tablet_width_inherit=&#8221;default&#8221; animation_type=&#8221;default&#8221; bg_image_animation=&#8221;none&#8221; border_type=&#8221;simple&#8221; column_border_width=&#8221;none&#8221; column_border_style=&#8221;solid&#8221;][vc_column_text css=&#8221;&#8221; text_direction=&#8221;default&#8221;]\n<figure class=\"wp-block-image size-large\"><img loading=\"lazy\" decoding=\"async\" class=\"alignleft wp-image-6068\" src=\"http:\/\/hypemedya.com\/wp-content\/uploads\/2025\/05\/1-4-1-1024x683.png\" alt=\"\" width=\"700\" height=\"467\" srcset=\"https:\/\/hypemedya.com\/wp-content\/uploads\/2025\/05\/1-4-1-1024x683.png 1024w, https:\/\/hypemedya.com\/wp-content\/uploads\/2025\/05\/1-4-1-300x200.png 300w, https:\/\/hypemedya.com\/wp-content\/uploads\/2025\/05\/1-4-1-768x512.png 768w, https:\/\/hypemedya.com\/wp-content\/uploads\/2025\/05\/1-4-1-900x600.png 900w, https:\/\/hypemedya.com\/wp-content\/uploads\/2025\/05\/1-4-1.png 1536w\" sizes=\"auto, (max-width: 700px) 100vw, 700px\" \/><\/figure>\n\n<p>Modern \u015fehir esteti\u011fine uygun olarak tasarlanan geni\u015f y\u00fczeyli d\u0131\u015f cephe tabelalar\u0131, sade ama g\u00fc\u00e7l\u00fc bir marka sunumu sa\u011flar. I\u015f\u0131ks\u0131z yap\u0131s\u0131yla dikkat da\u011f\u0131n\u0131kl\u0131\u011f\u0131n\u0131 \u00f6nler, mimariyle b\u00fct\u00fcnle\u015ferek prestijli bir g\u00f6r\u00fcn\u00fcm sunar.<br \/>Neden Y\u00fczey Tabelas\u0131?<br \/>Mimariyle Uyumlu Tasar\u0131m: Bina cephesini bozmadan kurumsal kimli\u011fi yans\u0131t\u0131r.<br \/>Geni\u015f G\u00f6rsel Alan: Marka isminiz net, sade ve etkileyici \u015fekilde sergilenir.<br \/>I\u015f\u0131ks\u0131z, Mat Tasar\u0131m: G\u00fcnd\u00fcz g\u00f6r\u00fcn\u00fcrl\u00fc\u011f\u00fc y\u00fcksek, zarif bir \u00e7\u00f6z\u00fcm.<br \/>Dayan\u0131kl\u0131 Malzeme Se\u00e7enekleri: Al\u00fcminyum kompozit, mat pleksi, kutu harf gibi dayan\u0131kl\u0131 \u00e7\u00f6z\u00fcmler.<br \/>Kullan\u0131m Alanlar\u0131:<br \/>Plaza ve i\u015f merkezi giri\u015fleri<br \/>Ofis binalar\u0131<br \/>Showroomlar<br \/>Klinik ve kurumsal yap\u0131lar<br \/>Modern kafe ve ma\u011faza cepheleri<br \/>Sade ama etkili bir duru\u015f i\u00e7in, d\u0131\u015f cephenize de\u011fer katacak \u00f6zel \u00f6l\u00e7\u00fc ve tasar\u0131mlarla hizmetinizdeyiz.<\/p>\n<p><br \/>\u00a0<\/p>\n[\/vc_column_text][\/vc_column][\/vc_row]\n","protected":false},"excerpt":{"rendered":"<p>[vc_row type=&#8221;in_container&#8221; full_screen_row_position=&#8221;middle&#8221; column_margin=&#8221;default&#8221; column_direction=&#8221;default&#8221; column_direction_tablet=&#8221;default&#8221; column_direction_phone=&#8221;default&#8221; scene_position=&#8221;center&#8221; text_color=&#8221;dark&#8221; text_align=&#8221;left&#8221; row_border_radius=&#8221;none&#8221; row_border_radius_applies=&#8221;bg&#8221; overflow=&#8221;visible&#8221; overlay_strength=&#8221;0.3&#8243; gradient_direction=&#8221;left_to_right&#8221; shape_divider_position=&#8221;bottom&#8221; bg_image_animation=&#8221;none&#8221;][vc_column column_padding=&#8221;no-extra-padding&#8221; column_padding_tablet=&#8221;inherit&#8221; column_padding_phone=&#8221;inherit&#8221; column_padding_position=&#8221;all&#8221; column_element_direction_desktop=&#8221;default&#8221; column_element_spacing=&#8221;default&#8221; desktop_text_alignment=&#8221;default&#8221; tablet_text_alignment=&#8221;default&#8221; phone_text_alignment=&#8221;default&#8221; background_color_opacity=&#8221;1&#8243; background_hover_color_opacity=&#8221;1&#8243; column_backdrop_filter=&#8221;none&#8221; column_shadow=&#8221;none&#8221;&#8230;<\/p>\n","protected":false},"author":1,"featured_media":0,"parent":0,"menu_order":0,"comment_status":"closed","ping_status":"closed","template":"","meta":{"footnotes":""},"class_list":["post-6067","page","type-page","status-publish"],"_links":{"self":[{"href":"https:\/\/hypemedya.com\/index.php?rest_route=\/wp\/v2\/pages\/6067","targetHints":{"allow":["GET"]}}],"collection":[{"href":"https:\/\/hypemedya.com\/index.php?rest_route=\/wp\/v2\/pages"}],"about":[{"href":"https:\/\/hypemedya.com\/index.php?rest_route=\/wp\/v2\/types\/page"}],"author":[{"embeddable":true,"href":"https:\/\/hypemedya.com\/index.php?rest_route=\/wp\/v2\/users\/1"}],"replies":[{"embeddable":true,"href":"https:\/\/hypemedya.com\/index.php?rest_route=%2Fwp%2Fv2%2Fcomments&post=6067"}],"version-history":[{"count":3,"href":"https:\/\/hypemedya.com\/index.php?rest_route=\/wp\/v2\/pages\/6067\/revisions"}],"predecessor-version":[{"id":6358,"href":"https:\/\/hypemedya.com\/index.php?rest_route=\/wp\/v2\/pages\/6067\/revisions\/6358"}],"wp:attachment":[{"href":"https:\/\/hypemedya.com\/index.php?rest_route=%2Fwp%2Fv2%2Fmedia&parent=6067"}],"curies":[{"name":"wp","href":"https:\/\/api.w.org\/{rel}","templated":true}]}}