{"id":6055,"date":"2025-05-21T23:08:48","date_gmt":"2025-05-21T20:08:48","guid":{"rendered":"http:\/\/hypemedya.com\/?page_id=6055"},"modified":"2025-07-14T23:26:17","modified_gmt":"2025-07-14T20:26:17","slug":"dayaniklilik-mesajiniz-olsun-one-way-vision-cam-giydirme","status":"publish","type":"page","link":"https:\/\/hypemedya.com\/?page_id=6055","title":{"rendered":"Dayan\u0131kl\u0131l\u0131k Mesaj\u0131n\u0131z Olsun: One Way Vision Cam Giydirme"},"content":{"rendered":"[vc_row type=&#8221;in_container&#8221; full_screen_row_position=&#8221;middle&#8221; column_margin=&#8221;default&#8221; column_direction=&#8221;default&#8221; column_direction_tablet=&#8221;default&#8221; column_direction_phone=&#8221;default&#8221; scene_position=&#8221;center&#8221; text_color=&#8221;dark&#8221; text_align=&#8221;left&#8221; row_border_radius=&#8221;none&#8221; row_border_radius_applies=&#8221;bg&#8221; overflow=&#8221;visible&#8221; overlay_strength=&#8221;0.3&#8243; gradient_direction=&#8221;left_to_right&#8221; shape_divider_position=&#8221;bottom&#8221; bg_image_animation=&#8221;none&#8221;][vc_column column_padding=&#8221;no-extra-padding&#8221; column_padding_tablet=&#8221;inherit&#8221; column_padding_phone=&#8221;inherit&#8221; column_padding_position=&#8221;all&#8221; column_element_direction_desktop=&#8221;default&#8221; column_element_spacing=&#8221;default&#8221; desktop_text_alignment=&#8221;default&#8221; tablet_text_alignment=&#8221;default&#8221; phone_text_alignment=&#8221;default&#8221; background_color_opacity=&#8221;1&#8243; background_hover_color_opacity=&#8221;1&#8243; column_backdrop_filter=&#8221;none&#8221; column_shadow=&#8221;none&#8221; column_border_radius=&#8221;none&#8221; column_link_target=&#8221;_self&#8221; column_position=&#8221;default&#8221; gradient_direction=&#8221;left_to_right&#8221; overlay_strength=&#8221;0.3&#8243; width=&#8221;1\/1&#8243; tablet_width_inherit=&#8221;default&#8221; animation_type=&#8221;default&#8221; bg_image_animation=&#8221;none&#8221; border_type=&#8221;simple&#8221; column_border_width=&#8221;none&#8221; column_border_style=&#8221;solid&#8221;][vc_column_text css=&#8221;&#8221; text_direction=&#8221;default&#8221;]\n<figure class=\"wp-block-image size-large\"><img loading=\"lazy\" decoding=\"async\" class=\"alignleft wp-image-6056\" src=\"http:\/\/hypemedya.com\/wp-content\/uploads\/2025\/05\/1-3-1-683x1024.png\" alt=\"\" width=\"467\" height=\"700\" srcset=\"https:\/\/hypemedya.com\/wp-content\/uploads\/2025\/05\/1-3-1-683x1024.png 683w, https:\/\/hypemedya.com\/wp-content\/uploads\/2025\/05\/1-3-1-200x300.png 200w, https:\/\/hypemedya.com\/wp-content\/uploads\/2025\/05\/1-3-1-768x1152.png 768w, https:\/\/hypemedya.com\/wp-content\/uploads\/2025\/05\/1-3-1.png 1024w\" sizes=\"auto, (max-width: 467px) 100vw, 467px\" \/><\/figure>\n\n<p>End\u00fcstriyel g\u00fc\u00e7l\u00fc markalar i\u00e7in, ilk izlenim her \u015feydir.<\/p>\n<p>One Way Vision cam kaplama, cam cephelerde dikkat \u00e7ekici bir g\u00f6r\u00fcn\u00fcm sunarken i\u00e7eriden d\u0131\u015far\u0131ya net g\u00f6r\u00fc\u015f sa\u011flar.<\/p>\n<p>Bu sayede markan\u0131z, estetikten \u00f6d\u00fcn vermeden etkili bir \u015fekilde sergilenir.<\/p>\n<p>Hype Medya olarak, \u00f6zellikle in\u015faat, otomotiv ve teknik donan\u0131m sekt\u00f6rlerinde faaliyet g\u00f6steren markalar i\u00e7in \u00f6zel tasar\u0131mlar ve UV dayan\u0131ml\u0131 bask\u0131larla, cam y\u00fczeyleri y\u00fcksek etkile\u015fimli reklam alanlar\u0131na d\u00f6n\u00fc\u015ft\u00fcr\u00fcyoruz.<\/p>\n<p>Camda mesaj\u0131n\u0131z net olsun, d\u0131\u015far\u0131dan fark yarat\u0131n!<\/p>\n\n<p>&nbsp;<\/p>\n[\/vc_column_text][\/vc_column][\/vc_row]\n","protected":false},"excerpt":{"rendered":"<p>[vc_row type=&#8221;in_container&#8221; full_screen_row_position=&#8221;middle&#8221; column_margin=&#8221;default&#8221; column_direction=&#8221;default&#8221; column_direction_tablet=&#8221;default&#8221; column_direction_phone=&#8221;default&#8221; scene_position=&#8221;center&#8221; text_color=&#8221;dark&#8221; text_align=&#8221;left&#8221; row_border_radius=&#8221;none&#8221; row_border_radius_applies=&#8221;bg&#8221; overflow=&#8221;visible&#8221; overlay_strength=&#8221;0.3&#8243; gradient_direction=&#8221;left_to_right&#8221; shape_divider_position=&#8221;bottom&#8221; bg_image_animation=&#8221;none&#8221;][vc_column column_padding=&#8221;no-extra-padding&#8221; column_padding_tablet=&#8221;inherit&#8221; column_padding_phone=&#8221;inherit&#8221; column_padding_position=&#8221;all&#8221; column_element_direction_desktop=&#8221;default&#8221; column_element_spacing=&#8221;default&#8221; desktop_text_alignment=&#8221;default&#8221; tablet_text_alignment=&#8221;default&#8221; phone_text_alignment=&#8221;default&#8221; background_color_opacity=&#8221;1&#8243; background_hover_color_opacity=&#8221;1&#8243; column_backdrop_filter=&#8221;none&#8221; column_shadow=&#8221;none&#8221;&#8230;<\/p>\n","protected":false},"author":1,"featured_media":0,"parent":0,"menu_order":0,"comment_status":"closed","ping_status":"closed","template":"","meta":{"footnotes":""},"class_list":["post-6055","page","type-page","status-publish"],"_links":{"self":[{"href":"https:\/\/hypemedya.com\/index.php?rest_route=\/wp\/v2\/pages\/6055","targetHints":{"allow":["GET"]}}],"collection":[{"href":"https:\/\/hypemedya.com\/index.php?rest_route=\/wp\/v2\/pages"}],"about":[{"href":"https:\/\/hypemedya.com\/index.php?rest_route=\/wp\/v2\/types\/page"}],"author":[{"embeddable":true,"href":"https:\/\/hypemedya.com\/index.php?rest_route=\/wp\/v2\/users\/1"}],"replies":[{"embeddable":true,"href":"https:\/\/hypemedya.com\/index.php?rest_route=%2Fwp%2Fv2%2Fcomments&post=6055"}],"version-history":[{"count":5,"href":"https:\/\/hypemedya.com\/index.php?rest_route=\/wp\/v2\/pages\/6055\/revisions"}],"predecessor-version":[{"id":6374,"href":"https:\/\/hypemedya.com\/index.php?rest_route=\/wp\/v2\/pages\/6055\/revisions\/6374"}],"wp:attachment":[{"href":"https:\/\/hypemedya.com\/index.php?rest_route=%2Fwp%2Fv2%2Fmedia&parent=6055"}],"curies":[{"name":"wp","href":"https:\/\/api.w.org\/{rel}","templated":true}]}}