{"id":6050,"date":"2025-05-21T23:07:24","date_gmt":"2025-05-21T20:07:24","guid":{"rendered":"http:\/\/hypemedya.com\/?page_id=6050"},"modified":"2025-07-14T23:31:54","modified_gmt":"2025-07-14T20:31:54","slug":"cam-cephelerde-guclu-mesaj-dis-cephe-folyo-kaplama","status":"publish","type":"page","link":"https:\/\/hypemedya.com\/?page_id=6050","title":{"rendered":"Cam Cephelerde G\u00fc\u00e7l\u00fc Mesaj: D\u0131\u015f Cephe Folyo Kaplama"},"content":{"rendered":"[vc_row type=&#8221;in_container&#8221; full_screen_row_position=&#8221;middle&#8221; column_margin=&#8221;default&#8221; column_direction=&#8221;default&#8221; column_direction_tablet=&#8221;default&#8221; column_direction_phone=&#8221;default&#8221; scene_position=&#8221;center&#8221; text_color=&#8221;dark&#8221; text_align=&#8221;left&#8221; row_border_radius=&#8221;none&#8221; row_border_radius_applies=&#8221;bg&#8221; overflow=&#8221;visible&#8221; overlay_strength=&#8221;0.3&#8243; gradient_direction=&#8221;left_to_right&#8221; shape_divider_position=&#8221;bottom&#8221; bg_image_animation=&#8221;none&#8221;][vc_column column_padding=&#8221;no-extra-padding&#8221; column_padding_tablet=&#8221;inherit&#8221; column_padding_phone=&#8221;inherit&#8221; column_padding_position=&#8221;all&#8221; column_element_direction_desktop=&#8221;default&#8221; column_element_spacing=&#8221;default&#8221; desktop_text_alignment=&#8221;default&#8221; tablet_text_alignment=&#8221;default&#8221; phone_text_alignment=&#8221;default&#8221; background_color_opacity=&#8221;1&#8243; background_hover_color_opacity=&#8221;1&#8243; column_backdrop_filter=&#8221;none&#8221; column_shadow=&#8221;none&#8221; column_border_radius=&#8221;none&#8221; column_link_target=&#8221;_self&#8221; column_position=&#8221;default&#8221; gradient_direction=&#8221;left_to_right&#8221; overlay_strength=&#8221;0.3&#8243; width=&#8221;1\/1&#8243; tablet_width_inherit=&#8221;default&#8221; animation_type=&#8221;default&#8221; bg_image_animation=&#8221;none&#8221; border_type=&#8221;simple&#8221; column_border_width=&#8221;none&#8221; column_border_style=&#8221;solid&#8221;][vc_column_text css=&#8221;&#8221; text_direction=&#8221;default&#8221;]\n<figure class=\"wp-block-image size-large\"><img loading=\"lazy\" decoding=\"async\" class=\"wp-image-6051 alignleft\" src=\"http:\/\/hypemedya.com\/wp-content\/uploads\/2025\/05\/1-2-2-1024x683.png\" alt=\"\" width=\"551\" height=\"368\" srcset=\"https:\/\/hypemedya.com\/wp-content\/uploads\/2025\/05\/1-2-2-1024x683.png 1024w, https:\/\/hypemedya.com\/wp-content\/uploads\/2025\/05\/1-2-2-300x200.png 300w, https:\/\/hypemedya.com\/wp-content\/uploads\/2025\/05\/1-2-2-768x512.png 768w, https:\/\/hypemedya.com\/wp-content\/uploads\/2025\/05\/1-2-2-900x600.png 900w, https:\/\/hypemedya.com\/wp-content\/uploads\/2025\/05\/1-2-2.png 1536w\" sizes=\"auto, (max-width: 551px) 100vw, 551px\" \/><\/figure>\n\n<p>Modern mimarinin vazge\u00e7ilmez unsurlar\u0131ndan biri olan cam cepheler, sadece estetik de\u011fil ayn\u0131 zamanda reklam ve marka g\u00f6r\u00fcn\u00fcrl\u00fc\u011f\u00fc a\u00e7\u0131s\u0131ndan da b\u00fcy\u00fck bir f\u0131rsat sunar.<\/p>\n<p>Hype Medya, geni\u015f format bask\u0131 ve profesyonel uygulama deneyimiyle cam y\u00fczeyleri y\u00fcksek etkili reklam alanlar\u0131na d\u00f6n\u00fc\u015ft\u00fcr\u00fcyor.<\/p>\n<p>G\u00fcne\u015f \u0131\u015f\u0131\u011f\u0131n\u0131 i\u00e7eri al\u0131rken d\u0131\u015far\u0131dan net mesaj veren folyo kaplama \u00e7\u00f6z\u00fcmlerimiz, dayan\u0131kl\u0131 malzemelerle \u00fcretilir, UV \u0131\u015f\u0131nlar\u0131na kar\u015f\u0131 diren\u00e7lidir ve yap\u0131 esteti\u011fine zarar vermez.<\/p>\n<p>\u00d6zellikle end\u00fcstriyel, teknik ya da profesyonel hizmet sunan firmalar i\u00e7in etkili bir vitrindir.<\/p>\n<p>Cam cephede g\u00fc\u00e7l\u00fc bir duru\u015f sergileyin, markan\u0131zla fark yarat\u0131n!<\/p>\n<p>\u00a0<\/p>\n[\/vc_column_text][\/vc_column][\/vc_row]\n","protected":false},"excerpt":{"rendered":"<p>[vc_row type=&#8221;in_container&#8221; full_screen_row_position=&#8221;middle&#8221; column_margin=&#8221;default&#8221; column_direction=&#8221;default&#8221; column_direction_tablet=&#8221;default&#8221; column_direction_phone=&#8221;default&#8221; scene_position=&#8221;center&#8221; text_color=&#8221;dark&#8221; text_align=&#8221;left&#8221; row_border_radius=&#8221;none&#8221; row_border_radius_applies=&#8221;bg&#8221; overflow=&#8221;visible&#8221; overlay_strength=&#8221;0.3&#8243; gradient_direction=&#8221;left_to_right&#8221; shape_divider_position=&#8221;bottom&#8221; bg_image_animation=&#8221;none&#8221;][vc_column column_padding=&#8221;no-extra-padding&#8221; column_padding_tablet=&#8221;inherit&#8221; column_padding_phone=&#8221;inherit&#8221; column_padding_position=&#8221;all&#8221; column_element_direction_desktop=&#8221;default&#8221; column_element_spacing=&#8221;default&#8221; desktop_text_alignment=&#8221;default&#8221; tablet_text_alignment=&#8221;default&#8221; phone_text_alignment=&#8221;default&#8221; background_color_opacity=&#8221;1&#8243; background_hover_color_opacity=&#8221;1&#8243; column_backdrop_filter=&#8221;none&#8221; column_shadow=&#8221;none&#8221;&#8230;<\/p>\n","protected":false},"author":1,"featured_media":0,"parent":0,"menu_order":0,"comment_status":"closed","ping_status":"closed","template":"","meta":{"footnotes":""},"class_list":["post-6050","page","type-page","status-publish"],"_links":{"self":[{"href":"https:\/\/hypemedya.com\/index.php?rest_route=\/wp\/v2\/pages\/6050","targetHints":{"allow":["GET"]}}],"collection":[{"href":"https:\/\/hypemedya.com\/index.php?rest_route=\/wp\/v2\/pages"}],"about":[{"href":"https:\/\/hypemedya.com\/index.php?rest_route=\/wp\/v2\/types\/page"}],"author":[{"embeddable":true,"href":"https:\/\/hypemedya.com\/index.php?rest_route=\/wp\/v2\/users\/1"}],"replies":[{"embeddable":true,"href":"https:\/\/hypemedya.com\/index.php?rest_route=%2Fwp%2Fv2%2Fcomments&post=6050"}],"version-history":[{"count":3,"href":"https:\/\/hypemedya.com\/index.php?rest_route=\/wp\/v2\/pages\/6050\/revisions"}],"predecessor-version":[{"id":6382,"href":"https:\/\/hypemedya.com\/index.php?rest_route=\/wp\/v2\/pages\/6050\/revisions\/6382"}],"wp:attachment":[{"href":"https:\/\/hypemedya.com\/index.php?rest_route=%2Fwp%2Fv2%2Fmedia&parent=6050"}],"curies":[{"name":"wp","href":"https:\/\/api.w.org\/{rel}","templated":true}]}}