{"id":6046,"date":"2025-05-21T23:06:39","date_gmt":"2025-05-21T20:06:39","guid":{"rendered":"http:\/\/hypemedya.com\/?page_id=6046"},"modified":"2025-07-14T23:44:37","modified_gmt":"2025-07-14T20:44:37","slug":"binalarinizda-buyuk-etki-dis-cephe-vinil-germe-kaplama","status":"publish","type":"page","link":"https:\/\/hypemedya.com\/?page_id=6046","title":{"rendered":"Binalar\u0131n\u0131zda B\u00fcy\u00fck Etki: D\u0131\u015f Cephe Vinil Germe Kaplama"},"content":{"rendered":"[vc_row type=&#8221;in_container&#8221; full_screen_row_position=&#8221;middle&#8221; column_margin=&#8221;default&#8221; column_direction=&#8221;default&#8221; column_direction_tablet=&#8221;default&#8221; column_direction_phone=&#8221;default&#8221; scene_position=&#8221;center&#8221; text_color=&#8221;dark&#8221; text_align=&#8221;left&#8221; row_border_radius=&#8221;none&#8221; row_border_radius_applies=&#8221;bg&#8221; overflow=&#8221;visible&#8221; overlay_strength=&#8221;0.3&#8243; gradient_direction=&#8221;left_to_right&#8221; shape_divider_position=&#8221;bottom&#8221; bg_image_animation=&#8221;none&#8221;][vc_column column_padding=&#8221;no-extra-padding&#8221; column_padding_tablet=&#8221;inherit&#8221; column_padding_phone=&#8221;inherit&#8221; column_padding_position=&#8221;all&#8221; column_element_direction_desktop=&#8221;default&#8221; column_element_spacing=&#8221;default&#8221; desktop_text_alignment=&#8221;default&#8221; tablet_text_alignment=&#8221;default&#8221; phone_text_alignment=&#8221;default&#8221; background_color_opacity=&#8221;1&#8243; background_hover_color_opacity=&#8221;1&#8243; column_backdrop_filter=&#8221;none&#8221; column_shadow=&#8221;none&#8221; column_border_radius=&#8221;none&#8221; column_link_target=&#8221;_self&#8221; column_position=&#8221;default&#8221; gradient_direction=&#8221;left_to_right&#8221; overlay_strength=&#8221;0.3&#8243; width=&#8221;1\/1&#8243; tablet_width_inherit=&#8221;default&#8221; animation_type=&#8221;default&#8221; bg_image_animation=&#8221;none&#8221; border_type=&#8221;simple&#8221; column_border_width=&#8221;none&#8221; column_border_style=&#8221;solid&#8221;][vc_column_text css=&#8221;&#8221; text_direction=&#8221;default&#8221;]\n<figure class=\"wp-block-image size-large\"><img loading=\"lazy\" decoding=\"async\" class=\"alignleft wp-image-6048\" src=\"http:\/\/hypemedya.com\/wp-content\/uploads\/2025\/05\/1-1-1-683x1024.png\" alt=\"\" width=\"467\" height=\"700\" srcset=\"https:\/\/hypemedya.com\/wp-content\/uploads\/2025\/05\/1-1-1-683x1024.png 683w, https:\/\/hypemedya.com\/wp-content\/uploads\/2025\/05\/1-1-1-200x300.png 200w, https:\/\/hypemedya.com\/wp-content\/uploads\/2025\/05\/1-1-1-768x1152.png 768w, https:\/\/hypemedya.com\/wp-content\/uploads\/2025\/05\/1-1-1.png 1024w\" sizes=\"auto, (max-width: 467px) 100vw, 467px\" \/><\/figure>\n\n<p>D\u0131\u015f cephe vinil kaplama, markan\u0131z\u0131 \u015fehir siluetine ta\u015f\u0131man\u0131n en \u00e7arp\u0131c\u0131 yollar\u0131ndan biridir.<\/p>\n<p>Geni\u015f y\u00fczeylere uygulanan y\u00fcksek kaliteli vinil bask\u0131lar sayesinde hem reklam alan\u0131n\u0131z\u0131 maksimize eder hem de dikkat \u00e7ekici bir g\u00f6r\u00fcn\u00fcm elde edersiniz.<\/p>\n<p>Hype Medya olarak; bina cephelerine \u00f6zel \u00f6l\u00e7\u00fc ve tasar\u0131mlarla, dayan\u0131kl\u0131, UV korumal\u0131 ve r\u00fczgara kar\u015f\u0131 diren\u00e7li vinil kaplamalar sunuyoruz.<\/p>\n<p>\u0130ster kurumsal tan\u0131t\u0131m ister kampanya duyurusu olsun, d\u0131\u015f cephe vinil uygulamalar\u0131yla markan\u0131z\u0131 \u015fehirde fark ettirin!<\/p>\n<p>G\u00f6r\u00fcn\u00fcrl\u00fc\u011f\u00fcn\u00fcz\u00fc b\u00fcy\u00fct\u00fcn, mesaj\u0131n\u0131z\u0131 binan\u0131n her k\u00f6\u015fesine yans\u0131t\u0131n.<\/p>\n<p>\u00a0<\/p>\n[\/vc_column_text][\/vc_column][\/vc_row]\n","protected":false},"excerpt":{"rendered":"<p>[vc_row type=&#8221;in_container&#8221; full_screen_row_position=&#8221;middle&#8221; column_margin=&#8221;default&#8221; column_direction=&#8221;default&#8221; column_direction_tablet=&#8221;default&#8221; column_direction_phone=&#8221;default&#8221; scene_position=&#8221;center&#8221; text_color=&#8221;dark&#8221; text_align=&#8221;left&#8221; row_border_radius=&#8221;none&#8221; row_border_radius_applies=&#8221;bg&#8221; overflow=&#8221;visible&#8221; overlay_strength=&#8221;0.3&#8243; gradient_direction=&#8221;left_to_right&#8221; shape_divider_position=&#8221;bottom&#8221; bg_image_animation=&#8221;none&#8221;][vc_column column_padding=&#8221;no-extra-padding&#8221; column_padding_tablet=&#8221;inherit&#8221; column_padding_phone=&#8221;inherit&#8221; column_padding_position=&#8221;all&#8221; column_element_direction_desktop=&#8221;default&#8221; column_element_spacing=&#8221;default&#8221; desktop_text_alignment=&#8221;default&#8221; tablet_text_alignment=&#8221;default&#8221; phone_text_alignment=&#8221;default&#8221; background_color_opacity=&#8221;1&#8243; background_hover_color_opacity=&#8221;1&#8243; column_backdrop_filter=&#8221;none&#8221; column_shadow=&#8221;none&#8221;&#8230;<\/p>\n","protected":false},"author":1,"featured_media":0,"parent":0,"menu_order":0,"comment_status":"closed","ping_status":"closed","template":"","meta":{"footnotes":""},"class_list":["post-6046","page","type-page","status-publish"],"_links":{"self":[{"href":"https:\/\/hypemedya.com\/index.php?rest_route=\/wp\/v2\/pages\/6046","targetHints":{"allow":["GET"]}}],"collection":[{"href":"https:\/\/hypemedya.com\/index.php?rest_route=\/wp\/v2\/pages"}],"about":[{"href":"https:\/\/hypemedya.com\/index.php?rest_route=\/wp\/v2\/types\/page"}],"author":[{"embeddable":true,"href":"https:\/\/hypemedya.com\/index.php?rest_route=\/wp\/v2\/users\/1"}],"replies":[{"embeddable":true,"href":"https:\/\/hypemedya.com\/index.php?rest_route=%2Fwp%2Fv2%2Fcomments&post=6046"}],"version-history":[{"count":7,"href":"https:\/\/hypemedya.com\/index.php?rest_route=\/wp\/v2\/pages\/6046\/revisions"}],"predecessor-version":[{"id":6387,"href":"https:\/\/hypemedya.com\/index.php?rest_route=\/wp\/v2\/pages\/6046\/revisions\/6387"}],"wp:attachment":[{"href":"https:\/\/hypemedya.com\/index.php?rest_route=%2Fwp%2Fv2%2Fmedia&parent=6046"}],"curies":[{"name":"wp","href":"https:\/\/api.w.org\/{rel}","templated":true}]}}