{"id":6043,"date":"2025-05-21T23:03:31","date_gmt":"2025-05-21T20:03:31","guid":{"rendered":"http:\/\/hypemedya.com\/?page_id=6043"},"modified":"2025-07-14T23:27:38","modified_gmt":"2025-07-14T20:27:38","slug":"dayanikli-etkili-ve-goz-alici-vinil-baski","status":"publish","type":"page","link":"https:\/\/hypemedya.com\/?page_id=6043","title":{"rendered":"Dayan\u0131kl\u0131, Etkili ve G\u00f6z Al\u0131c\u0131: Vinil Bask\u0131"},"content":{"rendered":"[vc_row type=&#8221;in_container&#8221; full_screen_row_position=&#8221;middle&#8221; column_margin=&#8221;default&#8221; column_direction=&#8221;default&#8221; column_direction_tablet=&#8221;default&#8221; column_direction_phone=&#8221;default&#8221; scene_position=&#8221;center&#8221; text_color=&#8221;dark&#8221; text_align=&#8221;left&#8221; row_border_radius=&#8221;none&#8221; row_border_radius_applies=&#8221;bg&#8221; overflow=&#8221;visible&#8221; overlay_strength=&#8221;0.3&#8243; gradient_direction=&#8221;left_to_right&#8221; shape_divider_position=&#8221;bottom&#8221; bg_image_animation=&#8221;none&#8221;][vc_column column_padding=&#8221;no-extra-padding&#8221; column_padding_tablet=&#8221;inherit&#8221; column_padding_phone=&#8221;inherit&#8221; column_padding_position=&#8221;all&#8221; column_element_direction_desktop=&#8221;default&#8221; column_element_spacing=&#8221;default&#8221; desktop_text_alignment=&#8221;default&#8221; tablet_text_alignment=&#8221;default&#8221; phone_text_alignment=&#8221;default&#8221; background_color_opacity=&#8221;1&#8243; background_hover_color_opacity=&#8221;1&#8243; column_backdrop_filter=&#8221;none&#8221; column_shadow=&#8221;none&#8221; column_border_radius=&#8221;none&#8221; column_link_target=&#8221;_self&#8221; column_position=&#8221;default&#8221; gradient_direction=&#8221;left_to_right&#8221; overlay_strength=&#8221;0.3&#8243; width=&#8221;1\/1&#8243; tablet_width_inherit=&#8221;default&#8221; animation_type=&#8221;default&#8221; bg_image_animation=&#8221;none&#8221; border_type=&#8221;simple&#8221; column_border_width=&#8221;none&#8221; column_border_style=&#8221;solid&#8221;][vc_column_text css=&#8221;&#8221; text_direction=&#8221;default&#8221;]\r\n<figure class=\"wp-block-image size-large\"><img loading=\"lazy\" decoding=\"async\" class=\"alignleft wp-image-6044\" src=\"http:\/\/hypemedya.com\/wp-content\/uploads\/2025\/05\/1-6-683x1024.png\" alt=\"\" width=\"467\" height=\"700\" srcset=\"https:\/\/hypemedya.com\/wp-content\/uploads\/2025\/05\/1-6-683x1024.png 683w, https:\/\/hypemedya.com\/wp-content\/uploads\/2025\/05\/1-6-200x300.png 200w, https:\/\/hypemedya.com\/wp-content\/uploads\/2025\/05\/1-6-768x1152.png 768w, https:\/\/hypemedya.com\/wp-content\/uploads\/2025\/05\/1-6.png 1024w\" sizes=\"auto, (max-width: 467px) 100vw, 467px\" \/><\/figure>\r\n\r\n<p>Vinil bask\u0131, i\u00e7 ve d\u0131\u015f mek\u00e2nlarda kullan\u0131lan, hava ko\u015fullar\u0131na dayan\u0131kl\u0131, uzun \u00f6m\u00fcrl\u00fc ve y\u00fcksek \u00e7\u00f6z\u00fcn\u00fcrl\u00fckl\u00fc bir reklam \u00e7\u00f6z\u00fcm\u00fcd\u00fcr.<\/p>\r\n<p>Afi\u015flerden y\u00f6nlendirme panolar\u0131na, branda germe sistemlerinden etkinlik duyurular\u0131na kadar geni\u015f bir kullan\u0131m alan\u0131na sahiptir.<\/p>\r\n<p>Hype Medya olarak, sa\u011flam malzeme ve kaliteli bask\u0131 teknolojileriyle tasar\u0131mlar\u0131n\u0131z\u0131 b\u00fcy\u00fck ebatlarda hayata ge\u00e7iriyoruz.<\/p>\r\n<p>\u0130ster duvar\u0131n\u0131za, ister sahne arkas\u0131na\u2026 Vinil bask\u0131 ile markan\u0131z\u0131 her yerde g\u00f6r\u00fcn\u00fcr k\u0131l\u0131n.<\/p>\r\n\r\n<p>&nbsp;<\/p>\r\n[\/vc_column_text][\/vc_column][\/vc_row]","protected":false},"excerpt":{"rendered":"<p>[vc_row type=&#8221;in_container&#8221; full_screen_row_position=&#8221;middle&#8221; column_margin=&#8221;default&#8221; column_direction=&#8221;default&#8221; column_direction_tablet=&#8221;default&#8221; column_direction_phone=&#8221;default&#8221; scene_position=&#8221;center&#8221; text_color=&#8221;dark&#8221; text_align=&#8221;left&#8221; row_border_radius=&#8221;none&#8221; row_border_radius_applies=&#8221;bg&#8221; overflow=&#8221;visible&#8221; overlay_strength=&#8221;0.3&#8243; gradient_direction=&#8221;left_to_right&#8221; shape_divider_position=&#8221;bottom&#8221; bg_image_animation=&#8221;none&#8221;][vc_column column_padding=&#8221;no-extra-padding&#8221; column_padding_tablet=&#8221;inherit&#8221; column_padding_phone=&#8221;inherit&#8221; column_padding_position=&#8221;all&#8221; column_element_direction_desktop=&#8221;default&#8221; column_element_spacing=&#8221;default&#8221; desktop_text_alignment=&#8221;default&#8221; tablet_text_alignment=&#8221;default&#8221; phone_text_alignment=&#8221;default&#8221; background_color_opacity=&#8221;1&#8243; background_hover_color_opacity=&#8221;1&#8243; column_backdrop_filter=&#8221;none&#8221; column_shadow=&#8221;none&#8221;&#8230;<\/p>\n","protected":false},"author":1,"featured_media":0,"parent":0,"menu_order":0,"comment_status":"closed","ping_status":"closed","template":"","meta":{"footnotes":""},"class_list":["post-6043","page","type-page","status-publish"],"_links":{"self":[{"href":"https:\/\/hypemedya.com\/index.php?rest_route=\/wp\/v2\/pages\/6043","targetHints":{"allow":["GET"]}}],"collection":[{"href":"https:\/\/hypemedya.com\/index.php?rest_route=\/wp\/v2\/pages"}],"about":[{"href":"https:\/\/hypemedya.com\/index.php?rest_route=\/wp\/v2\/types\/page"}],"author":[{"embeddable":true,"href":"https:\/\/hypemedya.com\/index.php?rest_route=\/wp\/v2\/users\/1"}],"replies":[{"embeddable":true,"href":"https:\/\/hypemedya.com\/index.php?rest_route=%2Fwp%2Fv2%2Fcomments&post=6043"}],"version-history":[{"count":4,"href":"https:\/\/hypemedya.com\/index.php?rest_route=\/wp\/v2\/pages\/6043\/revisions"}],"predecessor-version":[{"id":6376,"href":"https:\/\/hypemedya.com\/index.php?rest_route=\/wp\/v2\/pages\/6043\/revisions\/6376"}],"wp:attachment":[{"href":"https:\/\/hypemedya.com\/index.php?rest_route=%2Fwp%2Fv2%2Fmedia&parent=6043"}],"curies":[{"name":"wp","href":"https:\/\/api.w.org\/{rel}","templated":true}]}}