{"id":6040,"date":"2025-05-21T23:02:50","date_gmt":"2025-05-21T20:02:50","guid":{"rendered":"http:\/\/hypemedya.com\/?page_id=6040"},"modified":"2025-07-14T23:27:03","modified_gmt":"2025-07-14T20:27:03","slug":"sehrin-ritmini-yakalayin-raket-baski","status":"publish","type":"page","link":"https:\/\/hypemedya.com\/?page_id=6040","title":{"rendered":"\u015eehrin Ritmini Yakalay\u0131n: Raket Bask\u0131"},"content":{"rendered":"[vc_row type=&#8221;in_container&#8221; full_screen_row_position=&#8221;middle&#8221; column_margin=&#8221;default&#8221; column_direction=&#8221;default&#8221; column_direction_tablet=&#8221;default&#8221; column_direction_phone=&#8221;default&#8221; scene_position=&#8221;center&#8221; text_color=&#8221;dark&#8221; text_align=&#8221;left&#8221; row_border_radius=&#8221;none&#8221; row_border_radius_applies=&#8221;bg&#8221; overflow=&#8221;visible&#8221; overlay_strength=&#8221;0.3&#8243; gradient_direction=&#8221;left_to_right&#8221; shape_divider_position=&#8221;bottom&#8221; bg_image_animation=&#8221;none&#8221;][vc_column column_padding=&#8221;no-extra-padding&#8221; column_padding_tablet=&#8221;inherit&#8221; column_padding_phone=&#8221;inherit&#8221; column_padding_position=&#8221;all&#8221; column_element_direction_desktop=&#8221;default&#8221; column_element_spacing=&#8221;default&#8221; desktop_text_alignment=&#8221;default&#8221; tablet_text_alignment=&#8221;default&#8221; phone_text_alignment=&#8221;default&#8221; background_color_opacity=&#8221;1&#8243; background_hover_color_opacity=&#8221;1&#8243; column_backdrop_filter=&#8221;none&#8221; column_shadow=&#8221;none&#8221; column_border_radius=&#8221;none&#8221; column_link_target=&#8221;_self&#8221; column_position=&#8221;default&#8221; gradient_direction=&#8221;left_to_right&#8221; overlay_strength=&#8221;0.3&#8243; width=&#8221;1\/1&#8243; tablet_width_inherit=&#8221;default&#8221; animation_type=&#8221;default&#8221; bg_image_animation=&#8221;none&#8221; border_type=&#8221;simple&#8221; column_border_width=&#8221;none&#8221; column_border_style=&#8221;solid&#8221;][vc_column_text css=&#8221;&#8221; text_direction=&#8221;default&#8221;]\r\n<figure class=\"wp-block-image size-large\"><img loading=\"lazy\" decoding=\"async\" class=\"alignleft wp-image-6041\" src=\"http:\/\/hypemedya.com\/wp-content\/uploads\/2025\/05\/1-5-683x1024.png\" alt=\"\" width=\"467\" height=\"700\" srcset=\"https:\/\/hypemedya.com\/wp-content\/uploads\/2025\/05\/1-5-683x1024.png 683w, https:\/\/hypemedya.com\/wp-content\/uploads\/2025\/05\/1-5-200x300.png 200w, https:\/\/hypemedya.com\/wp-content\/uploads\/2025\/05\/1-5-768x1152.png 768w, https:\/\/hypemedya.com\/wp-content\/uploads\/2025\/05\/1-5.png 1024w\" sizes=\"auto, (max-width: 467px) 100vw, 467px\" \/><\/figure>\r\n\r\n<p>Raket bask\u0131, yo\u011fun yaya ve ara\u00e7 trafi\u011finin bulundu\u011fu alanlarda y\u00fcksek g\u00f6r\u00fcn\u00fcrl\u00fck sa\u011flayan, etkili bir a\u00e7\u0131k hava reklam \u00e7\u00f6z\u00fcm\u00fcd\u00fcr.<\/p>\r\n<p>Genellikle duraklar, cadde kenarlar\u0131 ve meydanlarda yer alan raket panolar, markan\u0131z\u0131 hedef kitlenizle tam da sokakta bulu\u015fturur.<\/p>\r\n<p>Hype Medya olarak, dikkat \u00e7ekici tasar\u0131mlar\u0131 kaliteli bask\u0131 materyalleriyle birle\u015ftiriyor; gece ve g\u00fcnd\u00fcz fark edilen raket reklamlar\u0131yla mesaj\u0131n\u0131z\u0131 g\u00fc\u00e7l\u00fc \u015fekilde iletiyoruz.<\/p>\r\n<p>Kompakt, estetik ve etkili reklam alanlar\u0131yla markan\u0131za \u015fehirde yer a\u00e7\u0131n!<\/p>\r\n\r\n<p>&nbsp;<\/p>\r\n[\/vc_column_text][\/vc_column][\/vc_row]","protected":false},"excerpt":{"rendered":"<p>[vc_row type=&#8221;in_container&#8221; full_screen_row_position=&#8221;middle&#8221; column_margin=&#8221;default&#8221; column_direction=&#8221;default&#8221; column_direction_tablet=&#8221;default&#8221; column_direction_phone=&#8221;default&#8221; scene_position=&#8221;center&#8221; text_color=&#8221;dark&#8221; text_align=&#8221;left&#8221; row_border_radius=&#8221;none&#8221; row_border_radius_applies=&#8221;bg&#8221; overflow=&#8221;visible&#8221; overlay_strength=&#8221;0.3&#8243; gradient_direction=&#8221;left_to_right&#8221; shape_divider_position=&#8221;bottom&#8221; bg_image_animation=&#8221;none&#8221;][vc_column column_padding=&#8221;no-extra-padding&#8221; column_padding_tablet=&#8221;inherit&#8221; column_padding_phone=&#8221;inherit&#8221; column_padding_position=&#8221;all&#8221; column_element_direction_desktop=&#8221;default&#8221; column_element_spacing=&#8221;default&#8221; desktop_text_alignment=&#8221;default&#8221; tablet_text_alignment=&#8221;default&#8221; phone_text_alignment=&#8221;default&#8221; background_color_opacity=&#8221;1&#8243; background_hover_color_opacity=&#8221;1&#8243; column_backdrop_filter=&#8221;none&#8221; column_shadow=&#8221;none&#8221;&#8230;<\/p>\n","protected":false},"author":1,"featured_media":0,"parent":0,"menu_order":0,"comment_status":"closed","ping_status":"closed","template":"","meta":{"footnotes":""},"class_list":["post-6040","page","type-page","status-publish"],"_links":{"self":[{"href":"https:\/\/hypemedya.com\/index.php?rest_route=\/wp\/v2\/pages\/6040","targetHints":{"allow":["GET"]}}],"collection":[{"href":"https:\/\/hypemedya.com\/index.php?rest_route=\/wp\/v2\/pages"}],"about":[{"href":"https:\/\/hypemedya.com\/index.php?rest_route=\/wp\/v2\/types\/page"}],"author":[{"embeddable":true,"href":"https:\/\/hypemedya.com\/index.php?rest_route=\/wp\/v2\/users\/1"}],"replies":[{"embeddable":true,"href":"https:\/\/hypemedya.com\/index.php?rest_route=%2Fwp%2Fv2%2Fcomments&post=6040"}],"version-history":[{"count":4,"href":"https:\/\/hypemedya.com\/index.php?rest_route=\/wp\/v2\/pages\/6040\/revisions"}],"predecessor-version":[{"id":6375,"href":"https:\/\/hypemedya.com\/index.php?rest_route=\/wp\/v2\/pages\/6040\/revisions\/6375"}],"wp:attachment":[{"href":"https:\/\/hypemedya.com\/index.php?rest_route=%2Fwp%2Fv2%2Fmedia&parent=6040"}],"curies":[{"name":"wp","href":"https:\/\/api.w.org\/{rel}","templated":true}]}}