{"id":6037,"date":"2025-05-21T23:02:09","date_gmt":"2025-05-21T20:02:09","guid":{"rendered":"http:\/\/hypemedya.com\/?page_id=6037"},"modified":"2025-07-14T23:30:37","modified_gmt":"2025-07-14T20:30:37","slug":"seffaf-gorunurluk-maksimum-etki-one-way-vision-baski","status":"publish","type":"page","link":"https:\/\/hypemedya.com\/?page_id=6037","title":{"rendered":"\u015eeffaf G\u00f6r\u00fcn\u00fcrl\u00fck, Maksimum Etki: One Way Vision Bask\u0131"},"content":{"rendered":"[vc_row type=&#8221;in_container&#8221; full_screen_row_position=&#8221;middle&#8221; column_margin=&#8221;default&#8221; column_direction=&#8221;default&#8221; column_direction_tablet=&#8221;default&#8221; column_direction_phone=&#8221;default&#8221; scene_position=&#8221;center&#8221; text_color=&#8221;dark&#8221; text_align=&#8221;left&#8221; row_border_radius=&#8221;none&#8221; row_border_radius_applies=&#8221;bg&#8221; overflow=&#8221;visible&#8221; overlay_strength=&#8221;0.3&#8243; gradient_direction=&#8221;left_to_right&#8221; shape_divider_position=&#8221;bottom&#8221; bg_image_animation=&#8221;none&#8221;][vc_column column_padding=&#8221;no-extra-padding&#8221; column_padding_tablet=&#8221;inherit&#8221; column_padding_phone=&#8221;inherit&#8221; column_padding_position=&#8221;all&#8221; column_element_direction_desktop=&#8221;default&#8221; column_element_spacing=&#8221;default&#8221; desktop_text_alignment=&#8221;default&#8221; tablet_text_alignment=&#8221;default&#8221; phone_text_alignment=&#8221;default&#8221; background_color_opacity=&#8221;1&#8243; background_hover_color_opacity=&#8221;1&#8243; column_backdrop_filter=&#8221;none&#8221; column_shadow=&#8221;none&#8221; column_border_radius=&#8221;none&#8221; column_link_target=&#8221;_self&#8221; column_position=&#8221;default&#8221; gradient_direction=&#8221;left_to_right&#8221; overlay_strength=&#8221;0.3&#8243; width=&#8221;1\/1&#8243; tablet_width_inherit=&#8221;default&#8221; animation_type=&#8221;default&#8221; bg_image_animation=&#8221;none&#8221; border_type=&#8221;simple&#8221; column_border_width=&#8221;none&#8221; column_border_style=&#8221;solid&#8221;][vc_column_text css=&#8221;&#8221; text_direction=&#8221;default&#8221;]\n<figure class=\"wp-block-image size-large\"><img loading=\"lazy\" decoding=\"async\" class=\"alignleft wp-image-6330\" src=\"https:\/\/hypemedya.com\/wp-content\/uploads\/2025\/07\/ChatGPT-Image-15-May-2025-12_22_25-300x200.png\" alt=\"\" width=\"700\" height=\"467\" srcset=\"https:\/\/hypemedya.com\/wp-content\/uploads\/2025\/07\/ChatGPT-Image-15-May-2025-12_22_25-300x200.png 300w, https:\/\/hypemedya.com\/wp-content\/uploads\/2025\/07\/ChatGPT-Image-15-May-2025-12_22_25-1024x683.png 1024w, https:\/\/hypemedya.com\/wp-content\/uploads\/2025\/07\/ChatGPT-Image-15-May-2025-12_22_25-768x512.png 768w, https:\/\/hypemedya.com\/wp-content\/uploads\/2025\/07\/ChatGPT-Image-15-May-2025-12_22_25-900x600.png 900w, https:\/\/hypemedya.com\/wp-content\/uploads\/2025\/07\/ChatGPT-Image-15-May-2025-12_22_25.png 1536w\" sizes=\"auto, (max-width: 700px) 100vw, 700px\" \/><\/figure>\n<p><strong>PPF Kaplama ile Arac\u0131n\u0131z\u0131 Koruma Alt\u0131na Al\u0131n<\/strong><\/p>\n<p>PPF (Paint Protection Film), arac\u0131n\u0131z\u0131n boyas\u0131n\u0131 \u00e7izik, ta\u015f izi, g\u00fcne\u015f \u0131\u015f\u0131nlar\u0131 ve d\u0131\u015f etkenlere kar\u015f\u0131 koruyan \u015feffaf ve dayan\u0131kl\u0131 bir kaplama sistemidir.<br \/><strong>Hype Medya<\/strong> olarak sundu\u011fumuz PPF uygulamalar\u0131yla arac\u0131n\u0131z\u0131n orijinal boyas\u0131n\u0131 uzun y\u0131llar boyunca ilk g\u00fcnk\u00fc gibi koruman\u0131z\u0131 sa\u011fl\u0131yoruz.<\/p>\n<p>Y\u00fcksek kaliteli film malzemeleri, profesyonel uygulama ve estetik g\u00f6r\u00fcn\u00fcm bir arada!<\/p>\n<p>PPF ile yat\u0131r\u0131m\u0131n\u0131z\u0131 g\u00fcvence alt\u0131na al\u0131n, arac\u0131n\u0131z her zaman yeni kals\u0131n.<\/p>\n\n<p>&nbsp;<\/p>\n[\/vc_column_text][\/vc_column][\/vc_row]\n","protected":false},"excerpt":{"rendered":"<p>[vc_row type=&#8221;in_container&#8221; full_screen_row_position=&#8221;middle&#8221; column_margin=&#8221;default&#8221; column_direction=&#8221;default&#8221; column_direction_tablet=&#8221;default&#8221; column_direction_phone=&#8221;default&#8221; scene_position=&#8221;center&#8221; text_color=&#8221;dark&#8221; text_align=&#8221;left&#8221; row_border_radius=&#8221;none&#8221; row_border_radius_applies=&#8221;bg&#8221; overflow=&#8221;visible&#8221; overlay_strength=&#8221;0.3&#8243; gradient_direction=&#8221;left_to_right&#8221; shape_divider_position=&#8221;bottom&#8221; bg_image_animation=&#8221;none&#8221;][vc_column column_padding=&#8221;no-extra-padding&#8221; column_padding_tablet=&#8221;inherit&#8221; column_padding_phone=&#8221;inherit&#8221; column_padding_position=&#8221;all&#8221; column_element_direction_desktop=&#8221;default&#8221; column_element_spacing=&#8221;default&#8221; desktop_text_alignment=&#8221;default&#8221; tablet_text_alignment=&#8221;default&#8221; phone_text_alignment=&#8221;default&#8221; background_color_opacity=&#8221;1&#8243; background_hover_color_opacity=&#8221;1&#8243; column_backdrop_filter=&#8221;none&#8221; column_shadow=&#8221;none&#8221;&#8230;<\/p>\n","protected":false},"author":1,"featured_media":0,"parent":0,"menu_order":0,"comment_status":"closed","ping_status":"closed","template":"","meta":{"footnotes":""},"class_list":["post-6037","page","type-page","status-publish"],"_links":{"self":[{"href":"https:\/\/hypemedya.com\/index.php?rest_route=\/wp\/v2\/pages\/6037","targetHints":{"allow":["GET"]}}],"collection":[{"href":"https:\/\/hypemedya.com\/index.php?rest_route=\/wp\/v2\/pages"}],"about":[{"href":"https:\/\/hypemedya.com\/index.php?rest_route=\/wp\/v2\/types\/page"}],"author":[{"embeddable":true,"href":"https:\/\/hypemedya.com\/index.php?rest_route=\/wp\/v2\/users\/1"}],"replies":[{"embeddable":true,"href":"https:\/\/hypemedya.com\/index.php?rest_route=%2Fwp%2Fv2%2Fcomments&post=6037"}],"version-history":[{"count":7,"href":"https:\/\/hypemedya.com\/index.php?rest_route=\/wp\/v2\/pages\/6037\/revisions"}],"predecessor-version":[{"id":6380,"href":"https:\/\/hypemedya.com\/index.php?rest_route=\/wp\/v2\/pages\/6037\/revisions\/6380"}],"wp:attachment":[{"href":"https:\/\/hypemedya.com\/index.php?rest_route=%2Fwp%2Fv2%2Fmedia&parent=6037"}],"curies":[{"name":"wp","href":"https:\/\/api.w.org\/{rel}","templated":true}]}}