{"id":6022,"date":"2025-05-21T22:21:44","date_gmt":"2025-05-21T19:21:44","guid":{"rendered":"http:\/\/hypemedya.com\/?page_id=6022"},"modified":"2025-07-20T23:58:41","modified_gmt":"2025-07-20T20:58:41","slug":"arac-kaplama-renk-degistirme","status":"publish","type":"page","link":"https:\/\/hypemedya.com\/?page_id=6022","title":{"rendered":"Ara\u00e7 Kaplama &amp; Renk De\u011fi\u015ftirme"},"content":{"rendered":"[vc_row type=&#8221;in_container&#8221; full_screen_row_position=&#8221;middle&#8221; column_margin=&#8221;default&#8221; column_direction=&#8221;default&#8221; column_direction_tablet=&#8221;default&#8221; column_direction_phone=&#8221;default&#8221; scene_position=&#8221;center&#8221; text_color=&#8221;dark&#8221; text_align=&#8221;left&#8221; row_border_radius=&#8221;none&#8221; row_border_radius_applies=&#8221;bg&#8221; overflow=&#8221;visible&#8221; overlay_strength=&#8221;0.3&#8243; gradient_direction=&#8221;left_to_right&#8221; shape_divider_position=&#8221;bottom&#8221; bg_image_animation=&#8221;none&#8221;][vc_column column_padding=&#8221;no-extra-padding&#8221; column_padding_tablet=&#8221;inherit&#8221; column_padding_phone=&#8221;inherit&#8221; column_padding_position=&#8221;all&#8221; column_element_direction_desktop=&#8221;default&#8221; column_element_spacing=&#8221;default&#8221; desktop_text_alignment=&#8221;default&#8221; tablet_text_alignment=&#8221;default&#8221; phone_text_alignment=&#8221;default&#8221; background_color_opacity=&#8221;1&#8243; background_hover_color_opacity=&#8221;1&#8243; column_backdrop_filter=&#8221;none&#8221; column_shadow=&#8221;none&#8221; column_border_radius=&#8221;none&#8221; column_link_target=&#8221;_self&#8221; column_position=&#8221;default&#8221; gradient_direction=&#8221;left_to_right&#8221; overlay_strength=&#8221;0.3&#8243; width=&#8221;1\/1&#8243; tablet_width_inherit=&#8221;default&#8221; animation_type=&#8221;default&#8221; bg_image_animation=&#8221;none&#8221; border_type=&#8221;simple&#8221; column_border_width=&#8221;none&#8221; column_border_style=&#8221;solid&#8221;][vc_column_text css=&#8221;&#8221; text_direction=&#8221;default&#8221;]\n<p><img loading=\"lazy\" decoding=\"async\" class=\"alignleft wp-image-6341\" src=\"https:\/\/hypemedya.com\/wp-content\/uploads\/2025\/07\/15-May-2025-11_19_47-300x200.png\" alt=\"\" width=\"700\" height=\"467\" srcset=\"https:\/\/hypemedya.com\/wp-content\/uploads\/2025\/07\/15-May-2025-11_19_47-300x200.png 300w, https:\/\/hypemedya.com\/wp-content\/uploads\/2025\/07\/15-May-2025-11_19_47-1024x683.png 1024w, https:\/\/hypemedya.com\/wp-content\/uploads\/2025\/07\/15-May-2025-11_19_47-768x512.png 768w, https:\/\/hypemedya.com\/wp-content\/uploads\/2025\/07\/15-May-2025-11_19_47-900x600.png 900w, https:\/\/hypemedya.com\/wp-content\/uploads\/2025\/07\/15-May-2025-11_19_47.png 1536w\" sizes=\"auto, (max-width: 700px) 100vw, 700px\" \/>Ara\u00e7 kaplama, arac\u0131n orijinal boyas\u0131na zarar vermeden y\u00fczeyine \u00f6zel folyo uygulayarak hem estetik hem de koruma ama\u00e7l\u0131 yap\u0131lan bir i\u015flemdir.<\/p>\n<p>Bu y\u00f6ntemle ara\u00e7 rengini tamamen de\u011fi\u015ftirebilir, farkl\u0131 dokular (mat, parlak, saten vb.) elde edebilir ve iste\u011fe \u00f6zel tasar\u0131mlar uygulanabilir.<\/p>\n<p>Kaplama, boyamaya g\u00f6re daha ekonomik, h\u0131zl\u0131 ve geri d\u00f6n\u00fc\u015f\u00fc olan bir \u00e7\u00f6z\u00fcmd\u00fcr. Diledi\u011finizde folyo s\u00f6k\u00fclerek arac\u0131n orijinal haline geri d\u00f6n\u00fclebilir.<\/p>\n<p>Ayn\u0131 zamanda g\u00fcne\u015f \u0131\u015f\u0131nlar\u0131na, \u00e7izilmelere ve d\u0131\u015f etkenlere kar\u015f\u0131 da ek koruma sa\u011flar.<\/p>\n<p>Hype Medya olarak, ara\u00e7lar\u0131n\u0131za profesyonelce uygulad\u0131\u011f\u0131m\u0131z kaplamalarla markan\u0131z\u0131 yolda da dikkat \u00e7eker hale getiriyoruz.<\/p>\n<p>\u00a0<\/p>\n[\/vc_column_text][\/vc_column][\/vc_row]\n","protected":false},"excerpt":{"rendered":"<p>[vc_row type=&#8221;in_container&#8221; full_screen_row_position=&#8221;middle&#8221; column_margin=&#8221;default&#8221; column_direction=&#8221;default&#8221; column_direction_tablet=&#8221;default&#8221; column_direction_phone=&#8221;default&#8221; scene_position=&#8221;center&#8221; text_color=&#8221;dark&#8221; text_align=&#8221;left&#8221; row_border_radius=&#8221;none&#8221; row_border_radius_applies=&#8221;bg&#8221; overflow=&#8221;visible&#8221; overlay_strength=&#8221;0.3&#8243; gradient_direction=&#8221;left_to_right&#8221; shape_divider_position=&#8221;bottom&#8221; bg_image_animation=&#8221;none&#8221;][vc_column column_padding=&#8221;no-extra-padding&#8221; column_padding_tablet=&#8221;inherit&#8221; column_padding_phone=&#8221;inherit&#8221; column_padding_position=&#8221;all&#8221; column_element_direction_desktop=&#8221;default&#8221; column_element_spacing=&#8221;default&#8221; desktop_text_alignment=&#8221;default&#8221; tablet_text_alignment=&#8221;default&#8221; phone_text_alignment=&#8221;default&#8221; background_color_opacity=&#8221;1&#8243; background_hover_color_opacity=&#8221;1&#8243; column_backdrop_filter=&#8221;none&#8221; column_shadow=&#8221;none&#8221;&#8230;<\/p>\n","protected":false},"author":1,"featured_media":0,"parent":0,"menu_order":0,"comment_status":"closed","ping_status":"closed","template":"","meta":{"footnotes":""},"class_list":["post-6022","page","type-page","status-publish"],"_links":{"self":[{"href":"https:\/\/hypemedya.com\/index.php?rest_route=\/wp\/v2\/pages\/6022","targetHints":{"allow":["GET"]}}],"collection":[{"href":"https:\/\/hypemedya.com\/index.php?rest_route=\/wp\/v2\/pages"}],"about":[{"href":"https:\/\/hypemedya.com\/index.php?rest_route=\/wp\/v2\/types\/page"}],"author":[{"embeddable":true,"href":"https:\/\/hypemedya.com\/index.php?rest_route=\/wp\/v2\/users\/1"}],"replies":[{"embeddable":true,"href":"https:\/\/hypemedya.com\/index.php?rest_route=%2Fwp%2Fv2%2Fcomments&post=6022"}],"version-history":[{"count":17,"href":"https:\/\/hypemedya.com\/index.php?rest_route=\/wp\/v2\/pages\/6022\/revisions"}],"predecessor-version":[{"id":6416,"href":"https:\/\/hypemedya.com\/index.php?rest_route=\/wp\/v2\/pages\/6022\/revisions\/6416"}],"wp:attachment":[{"href":"https:\/\/hypemedya.com\/index.php?rest_route=%2Fwp%2Fv2%2Fmedia&parent=6022"}],"curies":[{"name":"wp","href":"https:\/\/api.w.org\/{rel}","templated":true}]}}