{"id":6019,"date":"2025-05-21T22:18:51","date_gmt":"2025-05-21T19:18:51","guid":{"rendered":"http:\/\/hypemedya.com\/?page_id=6019"},"modified":"2025-07-14T23:29:04","modified_gmt":"2025-07-14T20:29:04","slug":"arac-reklam-giydirme","status":"publish","type":"page","link":"https:\/\/hypemedya.com\/?page_id=6019","title":{"rendered":"Ara\u00e7 Reklam Giydirme"},"content":{"rendered":"[vc_row type=&#8221;in_container&#8221; full_screen_row_position=&#8221;middle&#8221; column_margin=&#8221;default&#8221; column_direction=&#8221;default&#8221; column_direction_tablet=&#8221;default&#8221; column_direction_phone=&#8221;default&#8221; scene_position=&#8221;center&#8221; text_color=&#8221;dark&#8221; text_align=&#8221;left&#8221; row_border_radius=&#8221;none&#8221; row_border_radius_applies=&#8221;bg&#8221; overflow=&#8221;visible&#8221; overlay_strength=&#8221;0.3&#8243; gradient_direction=&#8221;left_to_right&#8221; shape_divider_position=&#8221;bottom&#8221; bg_image_animation=&#8221;none&#8221;][vc_column column_padding=&#8221;no-extra-padding&#8221; column_padding_tablet=&#8221;inherit&#8221; column_padding_phone=&#8221;inherit&#8221; column_padding_position=&#8221;all&#8221; column_element_direction_desktop=&#8221;default&#8221; column_element_spacing=&#8221;default&#8221; desktop_text_alignment=&#8221;default&#8221; tablet_text_alignment=&#8221;default&#8221; phone_text_alignment=&#8221;default&#8221; background_color_opacity=&#8221;1&#8243; background_hover_color_opacity=&#8221;1&#8243; column_backdrop_filter=&#8221;none&#8221; column_shadow=&#8221;none&#8221; column_border_radius=&#8221;none&#8221; column_link_target=&#8221;_self&#8221; column_position=&#8221;default&#8221; gradient_direction=&#8221;left_to_right&#8221; overlay_strength=&#8221;0.3&#8243; width=&#8221;1\/1&#8243; tablet_width_inherit=&#8221;default&#8221; animation_type=&#8221;default&#8221; bg_image_animation=&#8221;none&#8221; border_type=&#8221;simple&#8221; column_border_width=&#8221;none&#8221; column_border_style=&#8221;solid&#8221;][vc_column_text css=&#8221;&#8221; text_direction=&#8221;default&#8221;]\n<p><img loading=\"lazy\" decoding=\"async\" class=\"wp-image-6020 alignleft\" src=\"https:\/\/hypemedya.com\/wp-content\/uploads\/2025\/05\/ChatGPT-Image-15-May-2025-11_51_35-min-300x200.png\" alt=\"\" width=\"700\" height=\"467\" srcset=\"https:\/\/hypemedya.com\/wp-content\/uploads\/2025\/05\/ChatGPT-Image-15-May-2025-11_51_35-min-300x200.png 300w, https:\/\/hypemedya.com\/wp-content\/uploads\/2025\/05\/ChatGPT-Image-15-May-2025-11_51_35-min-1024x683.png 1024w, https:\/\/hypemedya.com\/wp-content\/uploads\/2025\/05\/ChatGPT-Image-15-May-2025-11_51_35-min-768x512.png 768w, https:\/\/hypemedya.com\/wp-content\/uploads\/2025\/05\/ChatGPT-Image-15-May-2025-11_51_35-min-900x600.png 900w, https:\/\/hypemedya.com\/wp-content\/uploads\/2025\/05\/ChatGPT-Image-15-May-2025-11_51_35-min.png 1536w\" sizes=\"auto, (max-width: 700px) 100vw, 700px\" \/>Ara\u00e7lar, yaln\u0131zca bir ula\u015f\u0131m arac\u0131 de\u011fil; ayn\u0131 zamanda markan\u0131z\u0131n hareketli bir reklam y\u00fcz\u00fcd\u00fcr.<\/p>\n<p>Hype Medya olarak, ara\u00e7lar\u0131n\u0131z\u0131 sokaklarda fark edilen bir tan\u0131t\u0131m alan\u0131na d\u00f6n\u00fc\u015ft\u00fcr\u00fcyoruz.<\/p>\n<p>Profesyonel tasar\u0131m ve uygulama ekibimizle; ticari ara\u00e7lar\u0131n\u0131za \u00f6zel, dikkat \u00e7ekici ve kurumsal kimli\u011finizi yans\u0131tan reklam giydirmeler haz\u0131rl\u0131yoruz.<\/p>\n<p>UV dayan\u0131ml\u0131, kaliteli folyo ve bask\u0131 malzemeleriyle yap\u0131lan uygulamalar uzun \u00f6m\u00fcrl\u00fcd\u00fcr, kolay temizlenir ve ara\u00e7 boyas\u0131na zarar vermez.<\/p>\n<p>Hype Medya ile \u015fehrin her k\u00f6\u015fesinde markan\u0131z\u0131 g\u00f6r\u00fcn\u00fcr k\u0131l\u0131n \u2014 \u00e7\u00fcnk\u00fc reklam sadece panolarda de\u011fil, trafikte de dikkat \u00e7eker!<\/p>\n\n<p>&nbsp;<\/p>\n[\/vc_column_text][\/vc_column][\/vc_row]\n","protected":false},"excerpt":{"rendered":"<p>[vc_row type=&#8221;in_container&#8221; full_screen_row_position=&#8221;middle&#8221; column_margin=&#8221;default&#8221; column_direction=&#8221;default&#8221; column_direction_tablet=&#8221;default&#8221; column_direction_phone=&#8221;default&#8221; scene_position=&#8221;center&#8221; text_color=&#8221;dark&#8221; text_align=&#8221;left&#8221; row_border_radius=&#8221;none&#8221; row_border_radius_applies=&#8221;bg&#8221; overflow=&#8221;visible&#8221; overlay_strength=&#8221;0.3&#8243; gradient_direction=&#8221;left_to_right&#8221; shape_divider_position=&#8221;bottom&#8221; bg_image_animation=&#8221;none&#8221;][vc_column column_padding=&#8221;no-extra-padding&#8221; column_padding_tablet=&#8221;inherit&#8221; column_padding_phone=&#8221;inherit&#8221; column_padding_position=&#8221;all&#8221; column_element_direction_desktop=&#8221;default&#8221; column_element_spacing=&#8221;default&#8221; desktop_text_alignment=&#8221;default&#8221; tablet_text_alignment=&#8221;default&#8221; phone_text_alignment=&#8221;default&#8221; background_color_opacity=&#8221;1&#8243; background_hover_color_opacity=&#8221;1&#8243; column_backdrop_filter=&#8221;none&#8221; column_shadow=&#8221;none&#8221;&#8230;<\/p>\n","protected":false},"author":1,"featured_media":0,"parent":0,"menu_order":0,"comment_status":"closed","ping_status":"closed","template":"","meta":{"footnotes":""},"class_list":["post-6019","page","type-page","status-publish"],"_links":{"self":[{"href":"https:\/\/hypemedya.com\/index.php?rest_route=\/wp\/v2\/pages\/6019","targetHints":{"allow":["GET"]}}],"collection":[{"href":"https:\/\/hypemedya.com\/index.php?rest_route=\/wp\/v2\/pages"}],"about":[{"href":"https:\/\/hypemedya.com\/index.php?rest_route=\/wp\/v2\/types\/page"}],"author":[{"embeddable":true,"href":"https:\/\/hypemedya.com\/index.php?rest_route=\/wp\/v2\/users\/1"}],"replies":[{"embeddable":true,"href":"https:\/\/hypemedya.com\/index.php?rest_route=%2Fwp%2Fv2%2Fcomments&post=6019"}],"version-history":[{"count":10,"href":"https:\/\/hypemedya.com\/index.php?rest_route=\/wp\/v2\/pages\/6019\/revisions"}],"predecessor-version":[{"id":6378,"href":"https:\/\/hypemedya.com\/index.php?rest_route=\/wp\/v2\/pages\/6019\/revisions\/6378"}],"wp:attachment":[{"href":"https:\/\/hypemedya.com\/index.php?rest_route=%2Fwp%2Fv2%2Fmedia&parent=6019"}],"curies":[{"name":"wp","href":"https:\/\/api.w.org\/{rel}","templated":true}]}}